{"id":10360,"date":"2020-11-04T10:47:37","date_gmt":"2020-11-04T09:47:37","guid":{"rendered":"https:\/\/www.senox.ch\/?page_id=10360"},"modified":"2023-09-08T09:13:44","modified_gmt":"2023-09-08T08:13:44","slug":"imprimer","status":"publish","type":"page","link":"https:\/\/www.senox.ch\/fr\/protection-des-donnees\/imprimer\/","title":{"rendered":"Impressum"},"content":{"rendered":"<div class=\"wpb-content-wrapper\"><p>[vc_row][vc_column]<div class=\"vcBlock-titel links \"><h2 >Impressum<\/h2><\/div><div class=\"vcBlock-smallp\"><\/p>\n<p id=\"tw-target-text\" class=\"tw-data-text tw-text-large tw-ta\" dir=\"ltr\" data-placeholder=\"\u00dcbersetzung\"><strong><span class=\"Y2IQFc\" lang=\"fr\">Responsable du site web<\/span><\/strong><\/p>\n<p>Senox \u2013 Loy &amp; Hutz Schweiz<br \/>\nConsulting &amp; Software Solutions<br \/>\nWorbstrasse 52<br \/>\n3074 Muri bei Bern<\/p>\n<p><span class=\"LrzXr\">\u00a0<\/span><\/p>\n<p id=\"tw-target-text\" class=\"tw-data-text tw-text-large tw-ta\" dir=\"ltr\" data-placeholder=\"\u00dcbersetzung\"><strong>Concept, webdesign, contenu<\/strong><\/p>\n<p>Leuzinger + Partner<br \/>\nBranding-, Web- und Werbeagentur<br \/>\nViktoriastrasse 84<br \/>\n3013 Bern<br \/>\n<a class=\"_ps2id\" href=\"https:\/\/www.leuzingerpartner.ch\" target=\"_blank\" rel=\"noopener\" data-ps2id-offset=\"\">www.leuzingerpartner.ch<\/a><\/p>\n<p><strong>\u00a0<\/strong><\/p>\n<div id=\"tw-target-text-container\" class=\"tw-ta-container F0azHf tw-nfl\" tabindex=\"0\">\n<p id=\"tw-target-text\" class=\"tw-data-text tw-text-large tw-ta\" dir=\"ltr\" data-placeholder=\"\u00dcbersetzung\"><strong><span class=\"Y2IQFc\" lang=\"fr\">Programmation CMS<\/span><\/strong><\/p>\n<\/div>\n<p><span class=\"LrzXr\">Creativeagent GmbH<br \/>\nSp\u00e4rsstrasse 2<br \/>\n<\/span><span class=\"LrzXr\">2562 Port<br \/>\n<\/span><a class=\"_ps2id\" href=\"https:\/\/www.creativeagent.ch\" target=\"_blank\" rel=\"noopener\" data-ps2id-offset=\"\">www.creativeagent.ch<\/a><\/p>\n<div class=\"TbwUpd NJjxre\"><cite class=\"iUh30 tjvcx\" role=\"text\">\u00a0<\/cite><\/div>\n<p><\/div>[\/vc_column][\/vc_row][vc_row el_class=\u00a0\u00bbrowNoPadding\u00a0\u00bb][vc_column]<div class=\"vcBlock-titel links \"><h2 >Clause de non-responsabilit\u00e9<\/h2><\/div><div class=\"vcBlock-smallp\"><strong>Droits d&rsquo;auteur<\/strong><br \/>\nTous les droits sont r\u00e9serv\u00e9s. Les textes, images, graphiques, sons, animations, vid\u00e9os, etc. ainsi que leur disposition sont prot\u00e9g\u00e9s par le droit d&rsquo;auteur et d&rsquo;autres lois de protection. Le contenu de ce site web ne doit pas \u00eatre copi\u00e9, diffus\u00e9, modifi\u00e9 ou rendu accessible \u00e0 des tiers \u00e0 des fins commerciales. Le site Internet contient en outre des images soumises au copyright de tiers.<br \/>\n\u00a9 Senox AG, 3074 Muri b. Berne<\/p>\n<p>&nbsp;<\/p>\n<p><strong>Marques d\u00e9pos\u00e9es <\/strong><\/p>\n<p>Sauf indication contraire, toutes les marques figurant sur ce site sont prot\u00e9g\u00e9es par le droit des marques. Ce site web a \u00e9t\u00e9 \u00e9labor\u00e9 avec le plus grand soin possible. Toutefois, Senox AG ne peut garantir l&rsquo;absence d&rsquo;erreurs et l&rsquo;exactitude des informations qu&rsquo;il contient. Senox AG exclut toute responsabilit\u00e9 pour les dommages r\u00e9sultant directement ou indirectement de l&rsquo;utilisation de ce site. Dans la mesure o\u00f9 ce site renvoie \u00e0 des pages Internet exploit\u00e9es par des tiers, Senox AG n&rsquo;assume aucune responsabilit\u00e9 quant \u00e0 leur contenu.<\/p>\n<p><strong>Droits d&rsquo;utilisation<\/strong><\/p>\n<p>Senox AG souhaite se pr\u00e9senter \u00e0 vous avec un site Internet moderne et informatif. La propri\u00e9t\u00e9 intellectuelle qu&rsquo;il contient, comme les marques et les droits d&rsquo;auteur, est prot\u00e9g\u00e9e. Aucune licence d&rsquo;utilisation de la propri\u00e9t\u00e9 intellectuelle de Senox AG n&rsquo;est accord\u00e9e par le biais de ce site web.<\/div>[\/vc_column][\/vc_row][vc_row][vc_column]<div class=\"vcBlock-smallp\"><\/div>[\/vc_column][\/vc_row]<\/p>\n<\/div>","protected":false},"excerpt":{"rendered":"<p>[vc_row][vc_column][\/vc_column][\/vc_row][vc_row el_class=\u00a0\u00bbrowNoPadding\u00a0\u00bb][vc_column][\/vc_column][\/vc_row][vc_row][vc_column][\/vc_column][\/vc_row]<\/p>\n","protected":false},"author":10,"featured_media":0,"parent":10333,"menu_order":8,"comment_status":"closed","ping_status":"closed","template":"fullwidth.php","meta":{"footnotes":""},"class_list":["post-10360","page","type-page","status-publish","hentry"],"_links":{"self":[{"href":"https:\/\/www.senox.ch\/fr\/wp-json\/wp\/v2\/pages\/10360","targetHints":{"allow":["GET"]}}],"collection":[{"href":"https:\/\/www.senox.ch\/fr\/wp-json\/wp\/v2\/pages"}],"about":[{"href":"https:\/\/www.senox.ch\/fr\/wp-json\/wp\/v2\/types\/page"}],"author":[{"embeddable":true,"href":"https:\/\/www.senox.ch\/fr\/wp-json\/wp\/v2\/users\/10"}],"replies":[{"embeddable":true,"href":"https:\/\/www.senox.ch\/fr\/wp-json\/wp\/v2\/comments?post=10360"}],"version-history":[{"count":13,"href":"https:\/\/www.senox.ch\/fr\/wp-json\/wp\/v2\/pages\/10360\/revisions"}],"predecessor-version":[{"id":10875,"href":"https:\/\/www.senox.ch\/fr\/wp-json\/wp\/v2\/pages\/10360\/revisions\/10875"}],"up":[{"embeddable":true,"href":"https:\/\/www.senox.ch\/fr\/wp-json\/wp\/v2\/pages\/10333"}],"wp:attachment":[{"href":"https:\/\/www.senox.ch\/fr\/wp-json\/wp\/v2\/media?parent=10360"}],"curies":[{"name":"wp","href":"https:\/\/api.w.org\/{rel}","templated":true}]}}