{"id":66,"date":"2020-11-04T10:47:37","date_gmt":"2020-11-04T10:47:37","guid":{"rendered":"https:\/\/dev41.creativeagent.ch\/?page_id=66"},"modified":"2023-08-04T20:07:11","modified_gmt":"2023-08-04T19:07:11","slug":"impressum","status":"publish","type":"page","link":"https:\/\/www.senox.ch\/de\/datenschutz\/impressum\/","title":{"rendered":"Impressum"},"content":{"rendered":"<div class=\"wpb-content-wrapper\"><p>[vc_row][vc_column]<div class=\"vcBlock-titel links \"><h2 >Impressum<\/h2><\/div><div class=\"vcBlock-smallp\"><strong>Verantwortlich f\u00fcr die Website<\/strong><\/p>\n<p>Senox \u2013 Loy &amp; Hutz Schweiz<br \/>\nConsulting &amp; Software Solutions<br \/>\nWorbstrasse 52<br \/>\n3074 Muri bei Bern<\/p>\n<p><span class=\"LrzXr\"><br \/>\n<\/span><strong>B2B Branding und Website<br \/>\n<\/strong><\/p>\n<p>Leuzinger + Partner<br \/>\n<a href=\"https:\/\/www.leuzingerpartner.ch\/werbeagentur\/b2b.html\" target=\"_blank\" rel=\"noopener\"><u>B2B Webagentur<\/u><\/a> f\u00fcr Branding, Design und Web<br \/>\nViktoriastrasse 84<br \/>\n3013 Bern<br \/>\n<a class=\"_ps2id\" href=\"https:\/\/www.leuzingerpartner.ch\" target=\"_blank\" rel=\"noopener\" data-ps2id-offset=\"\">www.leuzingerpartner.ch<\/a><\/p>\n<p><strong><br \/>\nProgrammierung CMS<\/strong><\/p>\n<p><span class=\"LrzXr\">Creativeagent GmbH<br \/>\nSp\u00e4rsstrasse 2<br \/>\n<\/span><span class=\"LrzXr\">2562 Port<br \/>\n<\/span><a class=\"_ps2id\" href=\"https:\/\/www.creativeagent.ch\" target=\"_blank\" rel=\"noopener\" data-ps2id-offset=\"\">www.creativeagent.ch<\/a><\/p>\n<div class=\"TbwUpd NJjxre\"><cite class=\"iUh30 tjvcx\" role=\"text\">\u00a0<\/cite><\/div>\n<p><\/div>[\/vc_column][\/vc_row][vc_row el_class=&#8220;rowNoPadding&#8220;][vc_column]<div class=\"vcBlock-titel links \"><h2 >Disclaimer<\/h2><\/div><div class=\"vcBlock-smallp\"><strong>Urheberrechte<br \/>\n<\/strong><\/p>\n<p>Alle Rechte vorbehalten. Text, Bilder, Grafiken, Sound, Animation, Videos etc. sowie deren Anordnung unterliegen dem Schutz des Urheberrechts und anderer Schutzgesetze. Der Inhalt dieser Website darf nicht zu kommerziellen Zwecken kopiert, verbreitet, ver\u00e4ndert oder Dritten zug\u00e4nglich gemacht werden. Die Website enth\u00e4lt ausserdem Bilder, die dem Copyright Dritter unterliegen.<br \/>\n\u00a9 Senox AG,\u00a0 3074 Muri b. Bern<\/p>\n<p><strong><br \/>\nMarkenzeichen<br \/>\n<\/strong><\/p>\n<p>Soweit nicht anders angegeben, sind alle Markenzeichen auf dieser Website markenrechtlich gesch\u00fctzt. Diese Website wurde mit gr\u00f6sstm\u00f6glicher Sorgfalt zusammengestellt. Trotzdem kann Senox AG f\u00fcr die Fehlerfreiheit und Genauigkeit der enthaltenen Informationen nicht garantieren. Senox AG schliesst jegliche Haftung f\u00fcr Sch\u00e4den, die direkt oder indirekt aus der Benutzung dieser Website entstehen, aus. Sofern von dieser Website auf Internetseiten verwiesen wird, die von Dritten betrieben werden, \u00fcbernimmt Senox AG keine Verantwortung f\u00fcr deren Inhalte.<\/p>\n<p><strong><br \/>\nNutzungsrechte<br \/>\n<\/strong><\/p>\n<p>Senox AG m\u00f6chte sich Ihnen mit einer modernen und informativen Website pr\u00e4sentieren. Das darin enthaltene geistige Eigentum wie Marken und Urheberrechte ist gesch\u00fctzt. Durch diese Website wird keine Lizenz zur Nutzung des geistigen Eigentums von Senox AG erteilt.<\/p>\n<div class=\"TbwUpd NJjxre\"><cite class=\"iUh30 tjvcx\" role=\"text\">\u00a0<\/cite><\/div>\n<p><\/div>[\/vc_column][\/vc_row][vc_row][vc_column]<div class=\"vcBlock-smallp\"><\/div>[\/vc_column][\/vc_row]<\/p>\n<\/div>","protected":false},"excerpt":{"rendered":"<p>[vc_row][vc_column][\/vc_column][\/vc_row][vc_row el_class=&#8220;rowNoPadding&#8220;][vc_column][\/vc_column][\/vc_row][vc_row][vc_column][\/vc_column][\/vc_row]<\/p>\n","protected":false},"author":1,"featured_media":0,"parent":3,"menu_order":8,"comment_status":"closed","ping_status":"closed","template":"fullwidth.php","meta":{"footnotes":""},"class_list":["post-66","page","type-page","status-publish","hentry"],"_links":{"self":[{"href":"https:\/\/www.senox.ch\/de\/wp-json\/wp\/v2\/pages\/66","targetHints":{"allow":["GET"]}}],"collection":[{"href":"https:\/\/www.senox.ch\/de\/wp-json\/wp\/v2\/pages"}],"about":[{"href":"https:\/\/www.senox.ch\/de\/wp-json\/wp\/v2\/types\/page"}],"author":[{"embeddable":true,"href":"https:\/\/www.senox.ch\/de\/wp-json\/wp\/v2\/users\/1"}],"replies":[{"embeddable":true,"href":"https:\/\/www.senox.ch\/de\/wp-json\/wp\/v2\/comments?post=66"}],"version-history":[{"count":48,"href":"https:\/\/www.senox.ch\/de\/wp-json\/wp\/v2\/pages\/66\/revisions"}],"predecessor-version":[{"id":10834,"href":"https:\/\/www.senox.ch\/de\/wp-json\/wp\/v2\/pages\/66\/revisions\/10834"}],"up":[{"embeddable":true,"href":"https:\/\/www.senox.ch\/de\/wp-json\/wp\/v2\/pages\/3"}],"wp:attachment":[{"href":"https:\/\/www.senox.ch\/de\/wp-json\/wp\/v2\/media?parent=66"}],"curies":[{"name":"wp","href":"https:\/\/api.w.org\/{rel}","templated":true}]}}