{"id":3,"date":"2020-10-23T08:48:16","date_gmt":"2020-10-23T08:48:16","guid":{"rendered":"https:\/\/dev41.creativeagent.ch\/?page_id=3"},"modified":"2023-05-15T11:40:47","modified_gmt":"2023-05-15T10:40:47","slug":"datenschutz","status":"publish","type":"page","link":"https:\/\/www.senox.ch\/de\/datenschutz\/","title":{"rendered":"Datenschutzerkl\u00e4rung"},"content":{"rendered":"<div class=\"wpb-content-wrapper\"><p>[vc_row][vc_column]<div class=\"vcBlock-titel links \"><\/div>[\/vc_column][\/vc_row][vc_row el_class=&#8220;rowNoPadding&#8220;][vc_column]<div class=\"vcBlock-titel links \"><h1 >Datenschutzerkl\u00e4rung<\/h1><\/div>[vc_column_text]<\/p>\n<div id=\"cookiefirst-policy-page\">\n<div class=\"vc_row wpb_row vc_row-fluid rowNoPadding\">\n<div class=\"wpb_column vc_column_container vc_col-sm-12\">\n<div class=\"vc_column-inner\">\n<div class=\"wpb_wrapper\">\n<div class=\"wpb_text_column wpb_content_element \">\n<div class=\"wpb_wrapper\">\n<div>\n<p>Diese Cookie-Richtlinie wurde erstellt und aktualisiert von der Firma <a href=\"https:\/\/cookiefirst.com\">CookieFirst.com<\/a>.<\/p>\n<\/div>\n<\/div>\n<\/div>\n<\/div>\n<\/div>\n<\/div>\n<\/div>\n<\/div>\n<p>[\/vc_column_text][\/vc_column][\/vc_row][vc_row el_class=&#8220;rowNoPadding&#8220;][vc_column][vc_column_text][\/vc_column_text][\/vc_column][\/vc_row][vc_row el_class=&#8220;rowNoPadding&#8220;][vc_column][vc_column_text]<\/p>\n<div id=\"cookiefirst-policy-page\">\n<div class=\"vc_row wpb_row vc_row-fluid rowNoPadding\">\n<div class=\"wpb_column vc_column_container vc_col-sm-12\">\n<div class=\"vc_column-inner\">\n<div class=\"wpb_wrapper\">\n<div class=\"wpb_text_column wpb_content_element \">\n<div class=\"wpb_wrapper\">\n<div>\n<p>&nbsp;<\/p>\n<h3><strong>1. Allgemeine Hinweise und Pflichtinformationen<\/strong><\/h3>\n<p>Die folgenden Hinweise geben einen \u00dcberblick dar\u00fcber, was mit Ihren personenbezogenen Daten geschieht, wenn Sie mit uns elektronisch in Kontakt treten (etwa \u2013 aber nicht ausschliesslich \u2013 durch den Besuch unserer Webseite oder Kontakt \u00fcber Email). Personenbezogene Daten sind alle Daten, mit denen Sie pers\u00f6nlich identifiziert werden k\u00f6nnen (n\u00e4here Hinweise finden Sie in Art. 4 DSGVO).<\/p>\n<\/div>\n<\/div>\n<\/div>\n<\/div>\n<\/div>\n<\/div>\n<\/div>\n<div class=\"vc_row wpb_row vc_row-fluid rowNoPadding\">\n<div class=\"wpb_column vc_column_container vc_col-sm-12\">\n<div class=\"vc_column-inner\">\n<div class=\"wpb_wrapper\">\n<div class=\"vcBlock-smallp\">\n<div class=\"ce-textpic ce-center ce-above\">\n<div class=\"ce-bodytext\">\n<p>Die Sicherheit aller Gesch\u00e4ftsdaten und der Schutz Ihrer personenbezogenen Daten ist uns generell ein wichtiges Anliegen im Sinne einer vertrauensvollen und dauerhaften Zusammenarbeit. Wir nehmen den Schutz Ihrer pers\u00f6nlichen Daten sehr ernst. Wir behandeln Ihre personenbezogenen Daten vertraulich und entsprechend der gesetzlichen Datenschutzvorschriften sowie dieser Datenschutzerkl\u00e4rung. Wenn Sie mit uns in Kontakt treten, k\u00f6nnen verschiedene Daten, darunter auch personenbezogene Daten, erhoben werden. Die vorliegende Datenschutzerkl\u00e4rung erl\u00e4utert, welche Daten wir erheben und wof\u00fcr wir sie nutzen.<\/p>\n<p>Wir weisen darauf hin, dass die Daten\u00fcbertragung im Internet (z.B. bei der Kommunikation per E-Mail) Sicherheitsl\u00fccken aufweisen kann. Ein l\u00fcckenloser Schutz der Daten vor dem Zugriff durch Dritte ist nicht m\u00f6glich.<\/p>\n<h3><strong>2. Bewusst mitgeteilte Daten<\/strong><\/h3>\n<p><strong>Sicherheit und Verwendung der personenbezogenen Daten<\/strong><\/p>\n<p>Ihre Daten werden dadurch erhoben, dass Sie uns diese mitteilen. Hierbei kann es sich z.B. um Daten handeln, die Sie in ein Kontaktformular eingeben. Ihre bewusst mitgeteilten Daten verwenden wir, um Ihre Anfragen zu bearbeiten und Ihre Auftr\u00e4ge auszuf\u00fchren oder Ihnen mit Ihrer Zustimmung Zugang zu speziellen Informationen zu verschaffen (Bsp. Produktabk\u00fcndigungsinformationen, Einladungen zu Seminaren oder Messen etc.).<\/p>\n<p>Ist es aufgrund von Vorschriften zur Leistungserbringung oder zur Pflege der Gesch\u00e4ftsbeziehung notwendig, Ihre Daten zu speichern, erfolgt dies im Rahmen der Dokumentationspflichten unter Ber\u00fccksichtigung der Datensparsamkeit.<\/p>\n<p>Wir werden Ihre personenbezogenen Daten weder an Dritte verkaufen noch anderweitig extern vermarkten.<\/p>\n<p><strong>Newsletterdaten<\/strong><\/p>\n<p>Wenn Sie unseren Newsletter beziehen m\u00f6chten, ben\u00f6tigen wir von Ihnen eine E-Mail-Adresse sowie personenbezogene Informationen (etwa Name oder Kontaktdaten). Weitere Daten werden nicht bzw. nur auf freiwilliger Basis erhoben. Diese Daten verwenden wir ausschlie\u00dflich f\u00fcr den Versand der angeforderten Informationen und geben diese nicht an Dritte weiter.<\/p>\n<p>Die Verarbeitung der in das Newsletteranmeldeformular eingegebenen Daten erfolgt ausschlie\u00dflich auf Grundlage Ihrer Einwilligung. Die erteilte Einwilligung zur Speicherung der Daten, der E-Mail-Adresse sowie deren Nutzung zum Versand des Newsletters k\u00f6nnen Sie jederzeit widerrufen, etwa \u00fcber den \u00abAustragen\u00bb-Link im Newsletter. Die Rechtm\u00e4\u00dfigkeit der bereits erfolgten Datenverarbeitungsvorg\u00e4nge bleibt vom Widerruf unber\u00fchrt. Die von Ihnen zum Zwecke des Newsletter-Bezugs bei uns hinterlegten Daten werden von uns bis zu Ihrer Austragung aus dem Newsletter gespeichert und nach der Abbestellung des Newsletters gel\u00f6scht. Daten, die zu anderen Zwecken bei uns gespeichert wurden bleiben hiervon unber\u00fchrt.<\/p>\n<h3><strong>3. Datenanalyse auf der Webseite, Analyse-Tools und Tools von Drittanbietern<\/strong><\/h3>\n<p><strong>Datenanalyse beim Besuch der Webseite<\/strong><\/p>\n<p>Daten werden automatisch beim Besuch der Website durch unsere IT-Systeme erfasst. Das sind vor allem technische Daten (z.B. Internetbrowser, Betriebssystem oder Uhrzeit des Seitenaufrufs). Die Erfassung dieser Daten erfolgt automatisch, sobald Sie unsere Website betreten.<\/p>\n<p>Ein Teil der Daten wird erhoben, um eine fehlerfreie Bereitstellung der Website zu gew\u00e4hrleisten. Andere Daten k\u00f6nnen zur Analyse des Nutzerverhaltens verwendet werden.<\/p>\n<p><strong>Google Analytics<\/strong><\/p>\n<p>Diese Website benutzt Google Analytics, einen Webanalysedienst der Google Inc. (\u00abGoogle\u00bb). Google Analytics verwendet sogenannte \u00abCookies\u00bb beziehungsweise Textdateien, die auf Ihrem Computer gespeichert werden und die eine Analyse der Benutzung der Website durch Sie erm\u00f6glicht. Die durch den Cookie erzeugten Informationen \u00fcber Ihre Benutzung dieser Website (einschliesslich Ihrer IP-Adresse) wird an einen Server von Google in den USA \u00fcbertragen und dort gespeichert. Google wird diese Informationen benutzen, um Ihre Nutzung der Website auszuwerten, um Reports \u00fcber die Websiteaktivit\u00e4ten f\u00fcr die Websitebetreiber zusammenzustellen und um weitere mit der Websitenutzung und der Internetnutzung verbundene Dienstleistungen zu erbringen. Auch wird Google diese Informationen gegebenenfalls an Dritte \u00fcbertragen, sofern dies gesetzlich vorgeschrieben ist oder soweit Dritte diese Daten im Auftrag von Google verarbeiten. Google wird in keinem Fall Ihre IP-Adresse mit anderen Daten der Google in Verbindung bringen. Sie k\u00f6nnen die Installation der Cookies durch eine entsprechende Einstellung Ihrer Browser Software verhindern; wir weisen Sie jedoch darauf hin, dass Sie in diesem Fall gegebenenfalls nicht s\u00e4mtliche Funktionen dieser Website voll umf\u00e4nglich nutzen k\u00f6nnen. Durch die Nutzung dieser Website erkl\u00e4ren Sie sich mit der Bearbeitung der \u00fcber Sie erhobenen Daten durch Google in der zuvor beschriebenen Art und Weise und zu dem zuvor benannten Zweck einverstanden.<\/p>\n<h3><strong>4. Auskunft, Sperrung, L\u00f6schung und Widerruf Ihrer Einwilligung zur Datenverarbeitung<\/strong><\/h3>\n<p>Sie haben im Rahmen der geltenden gesetzlichen Bestimmungen jederzeit das Recht auf unentgeltliche Auskunft \u00fcber Ihre gespeicherten personenbezogenen Daten, deren Herkunft und Empf\u00e4nger und den Zweck der Datenverarbeitung und ggf. ein Recht auf Berichtigung, Sperrung oder L\u00f6schung dieser Daten. Hierzu sowie zu weiteren Fragen zum Thema personenbezogene Daten k\u00f6nnen Sie sich jederzeit unter der im Impressum angegebenen Adresse an uns wenden.<\/p>\n<p>Viele Datenverarbeitungsvorg\u00e4nge sind nur mit Ihrer ausdr\u00fccklichen Einwilligung m\u00f6glich. Sie k\u00f6nnen eine bereits erteilte Einwilligung jederzeit widerrufen. Dazu reicht eine formlose Mitteilung per E-Mail an uns. Die Rechtm\u00e4\u00dfigkeit der bis zum Widerruf erfolgten Datenverarbeitung bleibt vom Widerruf unber\u00fchrt.<\/p>\n<h3><strong>5. Hinweis zur verantwortlichen Stelle<\/strong><\/h3>\n<p>Die verantwortlichen Stellen f\u00fcr die Datenverarbeitung sind die Landesgesellschaften in Zusammenhang mit der Senox AG. Die jeweiligen Kontaktdaten finden Sie auf der Webseite unter den Adressen der Landesgesellschaften. Die E-Mail Adresse des Datenschutzbeauftragten ist <a>info(at)senox.ch<\/a><\/p>\n<\/div>\n<\/div>\n<\/div>\n<\/div>\n<\/div>\n<\/div>\n<\/div>\n<\/div>\n<p>[\/vc_column_text][\/vc_column][\/vc_row][vc_row el_class=&#8220;rowNoPadding&#8220;][vc_column][vc_column_text]<\/p>\n<div id=\"cookiefirst-policy-page\"><\/div>\n<div><\/div>\n<div><\/div>\n<div><\/div>\n<p>[\/vc_column_text][\/vc_column][\/vc_row][vc_row][vc_column]<div class=\"vcBlock-titel links \"><\/div>[\/vc_column][\/vc_row][vc_row][vc_column]<div class=\"vcBlock-smallp\"><\/div>[\/vc_column][\/vc_row]<\/p>\n<\/div>","protected":false},"excerpt":{"rendered":"<p>[vc_row][vc_column][\/vc_column][\/vc_row][vc_row el_class=&#8220;rowNoPadding&#8220;][vc_column][vc_column_text] Diese Cookie-Richtlinie wurde erstellt und aktualisiert von der Firma CookieFirst.com. [\/vc_column_text][\/vc_column][\/vc_row][vc_row el_class=&#8220;rowNoPadding&#8220;][vc_column][vc_column_text][\/vc_column_text][\/vc_column][\/vc_row][vc_row el_class=&#8220;rowNoPadding&#8220;][vc_column][vc_column_text] &nbsp; 1. Allgemeine Hinweise und Pflichtinformationen Die folgenden Hinweise geben einen \u00dcberblick dar\u00fcber, was mit Ihren personenbezogenen Daten geschieht, wenn Sie mit uns elektronisch in Kontakt treten (etwa \u2013 aber nicht ausschliesslich \u2013 durch den Besuch unserer Webseite oder Kontakt [&hellip;]<\/p>\n","protected":false},"author":1,"featured_media":0,"parent":0,"menu_order":6,"comment_status":"closed","ping_status":"open","template":"fullwidth.php","meta":{"footnotes":""},"class_list":["post-3","page","type-page","status-publish","hentry"],"_links":{"self":[{"href":"https:\/\/www.senox.ch\/de\/wp-json\/wp\/v2\/pages\/3","targetHints":{"allow":["GET"]}}],"collection":[{"href":"https:\/\/www.senox.ch\/de\/wp-json\/wp\/v2\/pages"}],"about":[{"href":"https:\/\/www.senox.ch\/de\/wp-json\/wp\/v2\/types\/page"}],"author":[{"embeddable":true,"href":"https:\/\/www.senox.ch\/de\/wp-json\/wp\/v2\/users\/1"}],"replies":[{"embeddable":true,"href":"https:\/\/www.senox.ch\/de\/wp-json\/wp\/v2\/comments?post=3"}],"version-history":[{"count":97,"href":"https:\/\/www.senox.ch\/de\/wp-json\/wp\/v2\/pages\/3\/revisions"}],"predecessor-version":[{"id":9572,"href":"https:\/\/www.senox.ch\/de\/wp-json\/wp\/v2\/pages\/3\/revisions\/9572"}],"wp:attachment":[{"href":"https:\/\/www.senox.ch\/de\/wp-json\/wp\/v2\/media?parent=3"}],"curies":[{"name":"wp","href":"https:\/\/api.w.org\/{rel}","templated":true}]}}